{"id":55,"date":"2021-12-07T19:29:25","date_gmt":"2021-12-07T18:29:25","guid":{"rendered":"http:\/\/lydiacouture.fr\/?page_id=55"},"modified":"2025-10-03T18:39:56","modified_gmt":"2025-10-03T16:39:56","slug":"photos","status":"publish","type":"page","link":"https:\/\/lydiacouture.fr\/index.php\/photos\/","title":{"rendered":"GALERIE PHOTOS"},"content":{"rendered":"\t\t<div data-elementor-type=\"wp-page\" data-elementor-id=\"55\" class=\"elementor elementor-55\" data-elementor-settings=\"[]\">\n\t\t\t\t\t\t\t<div class=\"elementor-section-wrap\">\n\t\t\t\t\t\t\t<section class=\"elementor-section elementor-top-section elementor-element elementor-element-4d59546 elementor-section-boxed elementor-section-height-default elementor-section-height-default\" data-id=\"4d59546\" data-element_type=\"section\">\n\t\t\t\t\t\t<div class=\"elementor-container elementor-column-gap-default\">\n\t\t\t\t\t<div class=\"elementor-column elementor-col-100 elementor-top-column elementor-element elementor-element-e33fb55\" data-id=\"e33fb55\" data-element_type=\"column\">\n\t\t\t<div class=\"elementor-widget-wrap elementor-element-populated\">\n\t\t\t\t\t\t\t\t<div class=\"elementor-element elementor-element-b0ef645 elementor-widget elementor-widget-text-editor\" data-id=\"b0ef645\" data-element_type=\"widget\" data-widget_type=\"text-editor.default\">\n\t\t\t\t<div class=\"elementor-widget-container\">\n\t\t\t\t\t\t\t<p>Quelques cr\u00e9ations<\/p>\t\t\t\t\t\t<\/div>\n\t\t\t\t<\/div>\n\t\t\t\t\t<\/div>\n\t\t<\/div>\n\t\t\t\t\t\t\t<\/div>\n\t\t<\/section>\n\t\t\t\t<section class=\"elementor-section elementor-top-section elementor-element elementor-element-2e9efc4 elementor-section-boxed elementor-section-height-default elementor-section-height-default\" data-id=\"2e9efc4\" data-element_type=\"section\">\n\t\t\t\t\t\t<div class=\"elementor-container elementor-column-gap-default\">\n\t\t\t\t\t<div class=\"elementor-column elementor-col-100 elementor-top-column elementor-element elementor-element-76f1be5\" data-id=\"76f1be5\" data-element_type=\"column\">\n\t\t\t<div class=\"elementor-widget-wrap elementor-element-populated\">\n\t\t\t\t\t\t\t\t<div class=\"elementor-element elementor-element-8c6db5a elementor-arrows-position-inside elementor-pagination-position-outside elementor-widget elementor-widget-image-carousel\" data-id=\"8c6db5a\" data-element_type=\"widget\" data-settings=\"{&quot;slides_to_show&quot;:&quot;4&quot;,&quot;navigation&quot;:&quot;both&quot;,&quot;autoplay&quot;:&quot;yes&quot;,&quot;pause_on_hover&quot;:&quot;yes&quot;,&quot;pause_on_interaction&quot;:&quot;yes&quot;,&quot;autoplay_speed&quot;:5000,&quot;infinite&quot;:&quot;yes&quot;,&quot;speed&quot;:500}\" data-widget_type=\"image-carousel.default\">\n\t\t\t\t<div class=\"elementor-widget-container\">\n\t\t\t\t\t<div class=\"elementor-image-carousel-wrapper swiper-container\" dir=\"ltr\">\n\t\t\t<div class=\"elementor-image-carousel swiper-wrapper\">\n\t\t\t\t\t\t\t\t<div class=\"swiper-slide\"><figure class=\"swiper-slide-inner\"><img decoding=\"async\" class=\"swiper-slide-image\" src=\"https:\/\/lydiacouture.fr\/wp-content\/uploads\/2025\/07\/IMG_20250711_071414-fotor-bg-remover-20250717182613-225x300.png\" alt=\"Robe avec top dentelle\" \/><figcaption class=\"elementor-image-carousel-caption\">Robe avec top dentelle <\/figcaption><\/figure><\/div><div class=\"swiper-slide\"><figure class=\"swiper-slide-inner\"><img decoding=\"async\" class=\"swiper-slide-image\" src=\"https:\/\/lydiacouture.fr\/wp-content\/uploads\/2023\/10\/Creation-225x300.png\" alt=\"Robe de bal dos nu\" \/><figcaption class=\"elementor-image-carousel-caption\">Robe de bal dos nu <\/figcaption><\/figure><\/div><div class=\"swiper-slide\"><figure class=\"swiper-slide-inner\"><img decoding=\"async\" class=\"swiper-slide-image\" src=\"https:\/\/lydiacouture.fr\/wp-content\/uploads\/2023\/10\/IMG_20230528_142524-fotor-bg-remover-2023092615944-225x300.png\" alt=\"Robe de bal dos nu\" \/><figcaption class=\"elementor-image-carousel-caption\">Robe de bal dos nu <\/figcaption><\/figure><\/div><div class=\"swiper-slide\"><figure class=\"swiper-slide-inner\"><img decoding=\"async\" class=\"swiper-slide-image\" src=\"https:\/\/lydiacouture.fr\/wp-content\/uploads\/2023\/10\/Robe-sirene-dos-225x300.png\" alt=\"Robe sir\u00e8ne dos\" \/><figcaption class=\"elementor-image-carousel-caption\">Robe sir\u00e8ne dos<\/figcaption><\/figure><\/div><div class=\"swiper-slide\"><figure class=\"swiper-slide-inner\"><img decoding=\"async\" class=\"swiper-slide-image\" src=\"https:\/\/lydiacouture.fr\/wp-content\/uploads\/2023\/10\/Robe-sirene-225x300.png\" alt=\"Robe sir\u00e8ne devant\" \/><figcaption class=\"elementor-image-carousel-caption\">Robe sir\u00e8ne devant<\/figcaption><\/figure><\/div><div class=\"swiper-slide\"><figure class=\"swiper-slide-inner\"><img decoding=\"async\" class=\"swiper-slide-image\" src=\"https:\/\/lydiacouture.fr\/wp-content\/uploads\/2023\/10\/Costume-225x300.png\" alt=\"Costume t\u00e9moin de mariage\" \/><figcaption class=\"elementor-image-carousel-caption\">Costume t\u00e9moin de mariage <\/figcaption><\/figure><\/div><div class=\"swiper-slide\"><figure class=\"swiper-slide-inner\"><img decoding=\"async\" class=\"swiper-slide-image\" src=\"https:\/\/lydiacouture.fr\/wp-content\/uploads\/2022\/03\/IMG_20220316_113059-225x300.jpg\" alt=\"Chemisier\" \/><figcaption class=\"elementor-image-carousel-caption\">Chemisier <\/figcaption><\/figure><\/div><div class=\"swiper-slide\"><figure class=\"swiper-slide-inner\"><img decoding=\"async\" class=\"swiper-slide-image\" src=\"https:\/\/lydiacouture.fr\/wp-content\/uploads\/2021\/12\/IMG_20211228_142510-225x300.jpg\" alt=\"Pantalon \u00e9lastique a la taille\" \/><figcaption class=\"elementor-image-carousel-caption\">Pantalon \u00e9lastique a la taille <\/figcaption><\/figure><\/div><div class=\"swiper-slide\"><figure class=\"swiper-slide-inner\"><img decoding=\"async\" class=\"swiper-slide-image\" src=\"https:\/\/lydiacouture.fr\/wp-content\/uploads\/2021\/12\/IMG_20211228_142057-225x300.jpg\" alt=\"Jupe en jean ouverture asym\u00e9trique\" \/><figcaption class=\"elementor-image-carousel-caption\">Jupe en jean ouverture asym\u00e9trique<\/figcaption><\/figure><\/div><div class=\"swiper-slide\"><figure class=\"swiper-slide-inner\"><img decoding=\"async\" class=\"swiper-slide-image\" src=\"https:\/\/lydiacouture.fr\/wp-content\/uploads\/2021\/12\/IMG_20211228_141634-225x300.jpg\" alt=\"Jupe droite ouverture devant\" \/><figcaption class=\"elementor-image-carousel-caption\">Jupe droite ouverture devant <\/figcaption><\/figure><\/div><div class=\"swiper-slide\"><figure class=\"swiper-slide-inner\"><img decoding=\"async\" class=\"swiper-slide-image\" src=\"https:\/\/lydiacouture.fr\/wp-content\/uploads\/2021\/12\/IMG_20211228_135709-225x300.jpg\" alt=\"Tee shirt col en V resserrer a la taille par un anneaux\" \/><figcaption class=\"elementor-image-carousel-caption\">Tee shirt col en V resserrer a la taille par un anneaux <\/figcaption><\/figure><\/div><div class=\"swiper-slide\"><figure class=\"swiper-slide-inner\"><img decoding=\"async\" class=\"swiper-slide-image\" src=\"https:\/\/lydiacouture.fr\/wp-content\/uploads\/2021\/12\/IMG_20211228_134849-225x300.jpg\" alt=\"Veste chasuble r\u00e9versible\" \/><figcaption class=\"elementor-image-carousel-caption\">Veste chasuble r\u00e9versible <\/figcaption><\/figure><\/div><div class=\"swiper-slide\"><figure class=\"swiper-slide-inner\"><img decoding=\"async\" class=\"swiper-slide-image\" src=\"https:\/\/lydiacouture.fr\/wp-content\/uploads\/2021\/12\/IMG_20211228_134432-225x300.jpg\" alt=\"Veste chasuble r\u00e9versible\" \/><figcaption class=\"elementor-image-carousel-caption\">Veste chasuble r\u00e9versible <\/figcaption><\/figure><\/div><div class=\"swiper-slide\"><figure class=\"swiper-slide-inner\"><img decoding=\"async\" class=\"swiper-slide-image\" src=\"https:\/\/lydiacouture.fr\/wp-content\/uploads\/2021\/12\/IMG_20211228_143009-225x300.jpg\" alt=\"Veste boule\" \/><figcaption class=\"elementor-image-carousel-caption\"> Veste boule <\/figcaption><\/figure><\/div><div class=\"swiper-slide\"><figure class=\"swiper-slide-inner\"><img decoding=\"async\" class=\"swiper-slide-image\" src=\"https:\/\/lydiacouture.fr\/wp-content\/uploads\/2021\/12\/IMG_20211228_141245-225x300.jpg\" alt=\"Veste Kimono\" \/><figcaption class=\"elementor-image-carousel-caption\">Veste Kimono <\/figcaption><\/figure><\/div><div class=\"swiper-slide\"><figure class=\"swiper-slide-inner\"><img decoding=\"async\" class=\"swiper-slide-image\" src=\"https:\/\/lydiacouture.fr\/wp-content\/uploads\/2021\/12\/IMG_20211228_140306-225x300.jpg\" alt=\"Chemisier fa\u00e7on western\" \/><figcaption class=\"elementor-image-carousel-caption\">Chemisier fa\u00e7on western <\/figcaption><\/figure><\/div><div class=\"swiper-slide\"><figure class=\"swiper-slide-inner\"><img decoding=\"async\" class=\"swiper-slide-image\" src=\"https:\/\/lydiacouture.fr\/wp-content\/uploads\/2021\/12\/IMG_20211224_170632-2-225x300.jpg\" alt=\"Tenu de soir\u00e9e\" \/><figcaption class=\"elementor-image-carousel-caption\">Tenu de soir\u00e9e <\/figcaption><\/figure><\/div><div class=\"swiper-slide\"><figure class=\"swiper-slide-inner\"><img decoding=\"async\" class=\"swiper-slide-image\" src=\"https:\/\/lydiacouture.fr\/wp-content\/uploads\/2021\/12\/IMG_20211228_135504-225x300.jpg\" alt=\"Chemisier\" \/><figcaption class=\"elementor-image-carousel-caption\">Chemisier <\/figcaption><\/figure><\/div>\t\t\t<\/div>\n\t\t\t\t\t\t\t\t\t\t\t\t<div class=\"swiper-pagination\"><\/div>\n\t\t\t\t\t\t\t\t\t\t\t\t\t<div class=\"elementor-swiper-button elementor-swiper-button-prev\">\n\t\t\t\t\t\t<i class=\"eicon-chevron-left\" aria-hidden=\"true\"><\/i>\n\t\t\t\t\t\t<span class=\"elementor-screen-only\">Pr\u00e9c\u00e9dent<\/span>\n\t\t\t\t\t<\/div>\n\t\t\t\t\t<div class=\"elementor-swiper-button elementor-swiper-button-next\">\n\t\t\t\t\t\t<i class=\"eicon-chevron-right\" aria-hidden=\"true\"><\/i>\n\t\t\t\t\t\t<span class=\"elementor-screen-only\">Suivant<\/span>\n\t\t\t\t\t<\/div>\n\t\t\t\t\t\t\t\t\t<\/div>\n\t\t\t\t<\/div>\n\t\t\t\t<\/div>\n\t\t\t\t\t<\/div>\n\t\t<\/div>\n\t\t\t\t\t\t\t<\/div>\n\t\t<\/section>\n\t\t\t\t<section class=\"elementor-section elementor-top-section elementor-element elementor-element-165b383 elementor-section-boxed elementor-section-height-default elementor-section-height-default\" data-id=\"165b383\" data-element_type=\"section\">\n\t\t\t\t\t\t<div class=\"elementor-container elementor-column-gap-default\">\n\t\t\t\t\t<div class=\"elementor-column elementor-col-100 elementor-top-column elementor-element elementor-element-ab1b38e\" data-id=\"ab1b38e\" data-element_type=\"column\">\n\t\t\t<div class=\"elementor-widget-wrap elementor-element-populated\">\n\t\t\t\t\t\t\t\t<div class=\"elementor-element elementor-element-c346f4f elementor-widget elementor-widget-text-editor\" data-id=\"c346f4f\" data-element_type=\"widget\" data-widget_type=\"text-editor.default\">\n\t\t\t\t<div class=\"elementor-widget-container\">\n\t\t\t\t\t\t\t<p>Robe de mari\u00e9e customis\u00e9\u00a0<\/p>\t\t\t\t\t\t<\/div>\n\t\t\t\t<\/div>\n\t\t\t\t<div class=\"elementor-element elementor-element-ecd6a8a elementor-arrows-position-inside elementor-pagination-position-outside elementor-widget elementor-widget-image-carousel\" data-id=\"ecd6a8a\" data-element_type=\"widget\" data-settings=\"{&quot;navigation&quot;:&quot;both&quot;,&quot;autoplay&quot;:&quot;yes&quot;,&quot;pause_on_hover&quot;:&quot;yes&quot;,&quot;pause_on_interaction&quot;:&quot;yes&quot;,&quot;autoplay_speed&quot;:5000,&quot;infinite&quot;:&quot;yes&quot;,&quot;speed&quot;:500}\" data-widget_type=\"image-carousel.default\">\n\t\t\t\t<div class=\"elementor-widget-container\">\n\t\t\t\t\t<div class=\"elementor-image-carousel-wrapper swiper-container\" dir=\"ltr\">\n\t\t\t<div class=\"elementor-image-carousel swiper-wrapper\">\n\t\t\t\t\t\t\t\t<div class=\"swiper-slide\"><a data-elementor-open-lightbox=\"yes\" data-elementor-lightbox-slideshow=\"ecd6a8a\" data-elementor-lightbox-title=\"Avant\" href=\"https:\/\/lydiacouture.fr\/wp-content\/uploads\/2023\/10\/IMG_20230306_1052512-fotor-bg-remover-2023100312586.png\"><figure class=\"swiper-slide-inner\"><img decoding=\"async\" class=\"swiper-slide-image\" src=\"https:\/\/lydiacouture.fr\/wp-content\/uploads\/2023\/10\/IMG_20230306_1052512-fotor-bg-remover-2023100312586-150x150.png\" alt=\"Robe de mari\u00e9e customis\u00e9\" \/><figcaption class=\"elementor-image-carousel-caption\">Avant<\/figcaption><\/figure><\/a><\/div><div class=\"swiper-slide\"><a data-elementor-open-lightbox=\"yes\" data-elementor-lightbox-slideshow=\"ecd6a8a\" data-elementor-lightbox-title=\"Apr\u00e9s\" href=\"https:\/\/lydiacouture.fr\/wp-content\/uploads\/2023\/10\/IMG_20230317_115941-fotor-bg-remover-2023100313045.png\"><figure class=\"swiper-slide-inner\"><img decoding=\"async\" class=\"swiper-slide-image\" src=\"https:\/\/lydiacouture.fr\/wp-content\/uploads\/2023\/10\/IMG_20230317_115941-fotor-bg-remover-2023100313045-150x150.png\" alt=\"Robe de mari\u00e9e customis\u00e9\" \/><figcaption class=\"elementor-image-carousel-caption\">Apr\u00e9s<\/figcaption><\/figure><\/a><\/div><div class=\"swiper-slide\"><a data-elementor-open-lightbox=\"yes\" data-elementor-lightbox-slideshow=\"ecd6a8a\" data-elementor-lightbox-title=\"Devant\" href=\"https:\/\/lydiacouture.fr\/wp-content\/uploads\/2024\/09\/Devant-2.png\"><figure class=\"swiper-slide-inner\"><img decoding=\"async\" class=\"swiper-slide-image\" src=\"https:\/\/lydiacouture.fr\/wp-content\/uploads\/2024\/09\/Devant-2-150x150.png\" alt=\"Devant\" \/><figcaption class=\"elementor-image-carousel-caption\">Devant<\/figcaption><\/figure><\/a><\/div><div class=\"swiper-slide\"><a data-elementor-open-lightbox=\"yes\" data-elementor-lightbox-slideshow=\"ecd6a8a\" data-elementor-lightbox-title=\"Devant apres customisation\" href=\"https:\/\/lydiacouture.fr\/wp-content\/uploads\/2024\/09\/Devant-apres-customisation-1.png\"><figure class=\"swiper-slide-inner\"><img decoding=\"async\" class=\"swiper-slide-image\" src=\"https:\/\/lydiacouture.fr\/wp-content\/uploads\/2024\/09\/Devant-apres-customisation-1-150x150.png\" alt=\"Devant apr\u00e8s customisation\" \/><figcaption class=\"elementor-image-carousel-caption\">Devant apres customisation<\/figcaption><\/figure><\/a><\/div><div class=\"swiper-slide\"><a data-elementor-open-lightbox=\"yes\" data-elementor-lightbox-slideshow=\"ecd6a8a\" data-elementor-lightbox-title=\"Dos\" href=\"https:\/\/lydiacouture.fr\/wp-content\/uploads\/2024\/09\/Dos.png\"><figure class=\"swiper-slide-inner\"><img decoding=\"async\" class=\"swiper-slide-image\" src=\"https:\/\/lydiacouture.fr\/wp-content\/uploads\/2024\/09\/Dos-150x150.png\" alt=\"Dos\" \/><figcaption class=\"elementor-image-carousel-caption\">Dos<\/figcaption><\/figure><\/a><\/div><div class=\"swiper-slide\"><a data-elementor-open-lightbox=\"yes\" data-elementor-lightbox-slideshow=\"ecd6a8a\" data-elementor-lightbox-title=\"Dos apr\u00e9s customisation\" href=\"https:\/\/lydiacouture.fr\/wp-content\/uploads\/2024\/09\/Dos-apres-customisation.png\"><figure class=\"swiper-slide-inner\"><img decoding=\"async\" class=\"swiper-slide-image\" src=\"https:\/\/lydiacouture.fr\/wp-content\/uploads\/2024\/09\/Dos-apres-customisation-150x150.png\" alt=\"Dos apr\u00e8s customisation\" \/><figcaption class=\"elementor-image-carousel-caption\">Dos apr\u00e9s customisation<\/figcaption><\/figure><\/a><\/div><div class=\"swiper-slide\"><a data-elementor-open-lightbox=\"yes\" data-elementor-lightbox-slideshow=\"ecd6a8a\" data-elementor-lightbox-title=\"Effet Drapee\" href=\"https:\/\/lydiacouture.fr\/wp-content\/uploads\/2024\/09\/Effet-Drapee.png\"><figure class=\"swiper-slide-inner\"><img decoding=\"async\" class=\"swiper-slide-image\" src=\"https:\/\/lydiacouture.fr\/wp-content\/uploads\/2024\/09\/Effet-Drapee-150x150.png\" alt=\"Effet drap\u00e9e cote\" \/><figcaption class=\"elementor-image-carousel-caption\">Effet Drapee<\/figcaption><\/figure><\/a><\/div><div class=\"swiper-slide\"><a data-elementor-open-lightbox=\"yes\" data-elementor-lightbox-slideshow=\"ecd6a8a\" data-elementor-lightbox-title=\"Effet drapee dos\" href=\"https:\/\/lydiacouture.fr\/wp-content\/uploads\/2024\/09\/Effet-drapee-dos.png\"><figure class=\"swiper-slide-inner\"><img decoding=\"async\" class=\"swiper-slide-image\" src=\"https:\/\/lydiacouture.fr\/wp-content\/uploads\/2024\/09\/Effet-drapee-dos-150x150.png\" alt=\"Effet drap\u00e9e\" \/><figcaption class=\"elementor-image-carousel-caption\">Effet drapee dos<\/figcaption><\/figure><\/a><\/div>\t\t\t<\/div>\n\t\t\t\t\t\t\t\t\t\t\t\t<div class=\"swiper-pagination\"><\/div>\n\t\t\t\t\t\t\t\t\t\t\t\t\t<div class=\"elementor-swiper-button elementor-swiper-button-prev\">\n\t\t\t\t\t\t<i class=\"eicon-chevron-left\" aria-hidden=\"true\"><\/i>\n\t\t\t\t\t\t<span class=\"elementor-screen-only\">Pr\u00e9c\u00e9dent<\/span>\n\t\t\t\t\t<\/div>\n\t\t\t\t\t<div class=\"elementor-swiper-button elementor-swiper-button-next\">\n\t\t\t\t\t\t<i class=\"eicon-chevron-right\" aria-hidden=\"true\"><\/i>\n\t\t\t\t\t\t<span class=\"elementor-screen-only\">Suivant<\/span>\n\t\t\t\t\t<\/div>\n\t\t\t\t\t\t\t\t\t<\/div>\n\t\t\t\t<\/div>\n\t\t\t\t<\/div>\n\t\t\t\t\t<\/div>\n\t\t<\/div>\n\t\t\t\t\t\t\t<\/div>\n\t\t<\/section>\n\t\t\t\t<section class=\"elementor-section elementor-top-section elementor-element elementor-element-2a87db2 elementor-section-boxed elementor-section-height-default elementor-section-height-default\" data-id=\"2a87db2\" data-element_type=\"section\">\n\t\t\t\t\t\t<div class=\"elementor-container elementor-column-gap-default\">\n\t\t\t\t\t<div class=\"elementor-column elementor-col-100 elementor-top-column elementor-element elementor-element-a1ff910\" data-id=\"a1ff910\" data-element_type=\"column\">\n\t\t\t<div class=\"elementor-widget-wrap\">\n\t\t\t\t\t\t\t\t\t<\/div>\n\t\t<\/div>\n\t\t\t\t\t\t\t<\/div>\n\t\t<\/section>\n\t\t\t\t\t\t<\/div>\n\t\t\t\t\t<\/div>\n\t\t","protected":false},"excerpt":{"rendered":"<p>Quelques cr\u00e9ations Robe avec top dentelle Robe de bal dos nu Robe de bal dos nu Robe sir\u00e8ne dos Robe sir\u00e8ne devant Costume t\u00e9moin de mariage Chemisier Pantalon \u00e9lastique a la taille Jupe en jean ouverture asym\u00e9trique Jupe droite ouverture devant Tee shirt col en V resserrer a la taille par un anneaux Veste chasuble &hellip; <\/p>\n","protected":false},"author":1,"featured_media":0,"parent":0,"menu_order":0,"comment_status":"closed","ping_status":"closed","template":"","meta":{"footnotes":""},"class_list":["post-55","page","type-page","status-publish","hentry"],"_links":{"self":[{"href":"https:\/\/lydiacouture.fr\/index.php\/wp-json\/wp\/v2\/pages\/55","targetHints":{"allow":["GET"]}}],"collection":[{"href":"https:\/\/lydiacouture.fr\/index.php\/wp-json\/wp\/v2\/pages"}],"about":[{"href":"https:\/\/lydiacouture.fr\/index.php\/wp-json\/wp\/v2\/types\/page"}],"author":[{"embeddable":true,"href":"https:\/\/lydiacouture.fr\/index.php\/wp-json\/wp\/v2\/users\/1"}],"replies":[{"embeddable":true,"href":"https:\/\/lydiacouture.fr\/index.php\/wp-json\/wp\/v2\/comments?post=55"}],"version-history":[{"count":80,"href":"https:\/\/lydiacouture.fr\/index.php\/wp-json\/wp\/v2\/pages\/55\/revisions"}],"predecessor-version":[{"id":893,"href":"https:\/\/lydiacouture.fr\/index.php\/wp-json\/wp\/v2\/pages\/55\/revisions\/893"}],"wp:attachment":[{"href":"https:\/\/lydiacouture.fr\/index.php\/wp-json\/wp\/v2\/media?parent=55"}],"curies":[{"name":"wp","href":"https:\/\/api.w.org\/{rel}","templated":true}]}}